{"id":33246,"date":"2024-12-06T12:15:59","date_gmt":"2024-12-06T11:15:59","guid":{"rendered":"https:\/\/www.stevenshout.be\/revetement-de-facade-avec-finition\/"},"modified":"2026-02-23T14:40:03","modified_gmt":"2026-02-23T13:40:03","slug":"revetement-de-facade-avec-finition","status":"publish","type":"page","link":"https:\/\/www.stevenshout.be\/fr\/profile-avec-finition\/revetement-de-facade-avec-finition\/","title":{"rendered":"Rev\u00eatement de fa\u00e7ade avec finition"},"content":{"rendered":"<p>[et_pb_section fb_built=\u00a0\u00bb1&Prime; _builder_version=\u00a0\u00bb4.27.2&Prime; _module_preset=\u00a0\u00bbdefault\u00a0\u00bb background_color=\u00a0\u00bb#F7F7F5&Prime; locked=\u00a0\u00bboff\u00a0\u00bb global_colors_info=\u00a0\u00bb{}\u00a0\u00bb][et_pb_row column_structure=\u00a0\u00bb1_2,1_2&Prime; _builder_version=\u00a0\u00bb4.25.2&Prime; _module_preset=\u00a0\u00bbdefault\u00a0\u00bb global_colors_info=\u00a0\u00bb{}\u00a0\u00bb][et_pb_column type=\u00a0\u00bb1_2&Prime; _builder_version=\u00a0\u00bb4.25.2&Prime; _module_preset=\u00a0\u00bbdefault\u00a0\u00bb global_colors_info=\u00a0\u00bb{}\u00a0\u00bb][et_pb_text _builder_version=\u00a0\u00bb4.27.2&Prime; _module_preset=\u00a0\u00bbdefault\u00a0\u00bb text_font=\u00a0\u00bb|||on|||||\u00a0\u00bb text_text_color=\u00a0\u00bb#76dd84&Prime; header_text_color=\u00a0\u00bb#76de84&Prime; header_font_size=\u00a0\u00bb14px\u00a0\u00bb custom_margin=\u00a0\u00bb||10px||false|false\u00a0\u00bb custom_padding=\u00a0\u00bb||0px||false|false\u00a0\u00bb global_colors_info=\u00a0\u00bb{}\u00a0\u00bb]<\/p>\n<h1>Profil\u00e9 avec finition<\/h1>\n<p>[\/et_pb_text][et_pb_text _builder_version=\u00a0\u00bb4.27.2&Prime; _module_preset=\u00a0\u00bbdefault\u00a0\u00bb text_font=\u00a0\u00bb||||||||\u00a0\u00bb text_text_color=\u00a0\u00bb#76dd84&Prime; header_font_size=\u00a0\u00bb60px\u00a0\u00bb header_line_height=\u00a0\u00bb65px\u00a0\u00bb header_2_font_size=\u00a0\u00bb64px\u00a0\u00bb header_2_line_height=\u00a0\u00bb64.6px\u00a0\u00bb header_font_size_tablet=\u00a0\u00bb60px\u00a0\u00bb header_font_size_phone=\u00a0\u00bb49px\u00a0\u00bb header_font_size_last_edited=\u00a0\u00bbon|phone\u00a0\u00bb header_2_font_size_tablet=\u00a0\u00bb46px\u00a0\u00bb header_2_font_size_phone=\u00a0\u00bb28px\u00a0\u00bb header_2_font_size_last_edited=\u00a0\u00bbon|desktop\u00a0\u00bb header_2_line_height_tablet=\u00a0\u00bb64.6px\u00a0\u00bb header_2_line_height_phone=\u00a0\u00bb40px\u00a0\u00bb header_2_line_height_last_edited=\u00a0\u00bbon|phone\u00a0\u00bb global_colors_info=\u00a0\u00bb{}\u00a0\u00bb]<\/p>\n<h2>Rev\u00eatement<\/h2>\n<p>[\/et_pb_text][\/et_pb_column][et_pb_column type=\u00a0\u00bb1_2&Prime; _builder_version=\u00a0\u00bb4.25.2&Prime; _module_preset=\u00a0\u00bbdefault\u00a0\u00bb global_colors_info=\u00a0\u00bb{}\u00a0\u00bb][et_pb_text _builder_version=\u00a0\u00bb4.27.2&Prime; _module_preset=\u00a0\u00bbdefault\u00a0\u00bb text_font_size=\u00a0\u00bb16px\u00a0\u00bb text_line_height=\u00a0\u00bb2em\u00a0\u00bb global_colors_info=\u00a0\u00bb{}\u00a0\u00bb]<\/p>\n<p>Nos bardages finis allient esth\u00e9tique et durabilit\u00e9, ce qui est id\u00e9al pour ceux qui recherchent une solution \u00e9l\u00e9gante et n\u00e9cessitant peu d&rsquo;entretien. Une finition \u00e0 l&rsquo;huile ou \u00e0 la peinture prolonge la dur\u00e9e de vie et permet de conserver un aspect parfait pendant des ann\u00e9es. Disponible dans des couleurs populaires telles que le noir, le marron, le blanc et le gris, Stevens Hout offre \u00e9galement une garantie de 10 ans sur la finition.  <\/p>\n<p>[\/et_pb_text][et_pb_button button_url=\u00a0\u00bb@ET-DC@eyJkeW5hbWljIjp0cnVlLCJjb250ZW50IjoicG9zdF9saW5rX3VybF9wYWdlIiwic2V0dGluZ3MiOnsicG9zdF9pZCI6IjMyNCJ9fQ==@\u00a0\u00bb button_text=\u00a0\u00bbObtenir un devis\u00a0\u00bb button_alignment=\u00a0\u00bbcenter\u00a0\u00bb _builder_version=\u00a0\u00bb4.27.2&Prime; _dynamic_attributes=\u00a0\u00bbbutton_url\u00a0\u00bb _module_preset=\u00a0\u00bbdefault\u00a0\u00bb custom_button=\u00a0\u00bbon\u00a0\u00bb button_text_size=\u00a0\u00bb18px\u00a0\u00bb button_text_color=\u00a0\u00bb#443630&Prime; button_bg_color=\u00a0\u00bb#76dd84&Prime; button_border_color=\u00a0\u00bb#76dd84&Prime; button_border_radius=\u00a0\u00bb40px\u00a0\u00bb button_font=\u00a0\u00bb|||on|||||\u00a0\u00bb button_icon=\u00a0\u00bb&#x24;||divi||400&Prime; button_on_hover=\u00a0\u00bboff\u00a0\u00bb custom_margin=\u00a0\u00bb||||false|false\u00a0\u00bb custom_padding=\u00a0\u00bb10px|45px|10px|30px|true|false\u00a0\u00bb locked=\u00a0\u00bboff\u00a0\u00bb global_colors_info=\u00a0\u00bb{}\u00a0\u00bb][\/et_pb_button][\/et_pb_column][\/et_pb_row][\/et_pb_section][et_pb_section fb_built=\u00a0\u00bb1&Prime; _builder_version=\u00a0\u00bb4.27.2&Prime; _module_preset=\u00a0\u00bbdefault\u00a0\u00bb global_colors_info=\u00a0\u00bb{}\u00a0\u00bb][et_pb_row _builder_version=\u00a0\u00bb4.23.1&Prime; _module_preset=\u00a0\u00bbdefault\u00a0\u00bb global_colors_info=\u00a0\u00bb{}\u00a0\u00bb][et_pb_column type=\u00a0\u00bb4_4&Prime; _builder_version=\u00a0\u00bb4.23.1&Prime; _module_preset=\u00a0\u00bbdefault\u00a0\u00bb global_colors_info=\u00a0\u00bb{}\u00a0\u00bb][et_pb_text _builder_version=\u00a0\u00bb4.27.2&Prime; _module_preset=\u00a0\u00bbdefault\u00a0\u00bb global_colors_info=\u00a0\u00bb{}\u00a0\u00bb]<\/p>\n<h2>Notre gamme de bardages profil\u00e9s avec finition<\/h2>\n<p>[\/et_pb_text][et_pb_code _builder_version=\u00a0\u00bb4.27.2&Prime; _module_preset=\u00a0\u00bbdefault\u00a0\u00bb global_colors_info=\u00a0\u00bb{}\u00a0\u00bb]<table class=\"ncss-products\"><thead><tr><th>Tous nos geprofileerd afwerking geprofileerd afwerking gevelbekleding produits<\/th><th>Longueurs disponibles<\/th><\/tr><\/thead><tbody><tr><td><a href=\"https:\/\/www.stevenshout.be\/fr\/produit\/thermo-sapin-43-x-43-l-profil-noir-par-piece\/\">Thermo Sapin | 43 x 43 | L-profil | Noir | Par pi\u00e8ce<\/a><\/td><td><\/td><\/tr><tr><td><a href=\"https:\/\/www.stevenshout.be\/fr\/produit\/thermo-sapin-20-x-169-bardage-biseaute-brosse-noir-par-piece\/\">Thermo Sapin | 20 x 169 | Bardage Biseaut\u00e9 | Bross\u00e9 noir | Par pi\u00e8ce<\/a><\/td><td><\/td><\/tr><tr><td><a href=\"https:\/\/www.stevenshout.be\/fr\/produit\/thermo-sapin-20-x-169-bevelsiding-brosse-noir-par-paquet-2\/\">Thermo Sapin | 20 x 169 | Biseaut\u00e9 | Bross\u00e9 noir | Par paquet<\/a><\/td><td>4,20 | 4,50 | 4,80 | 5,10 | 5,40<\/td><\/tr><tr><td><a href=\"https:\/\/www.stevenshout.be\/product\/thermo-radiata-pine-19-x-129-quatro-strimma-per-pak\/\">Thermo Radiata Pine | 19 x 129 | Quatro | Strimma | Per pak<\/a><\/td><td>5,40<\/td><\/tr><tr><td><a href=\"https:\/\/www.stevenshout.be\/fr\/produit\/thermo-sapin-20-x-60-profil-z-brosse-noir-par-piece\/\">Thermo Sapin | 20 x 60 |Profil-Z | Bross\u00e9 Noir | Par pi\u00e8ce<\/a><\/td><td><\/td><\/tr><tr><td><a href=\"https:\/\/www.stevenshout.be\/product\/thermo-radiata-pine-20-x-132-lines-40-strimma-per-pak\/\">Thermo Radiata Pine | 20 x 132 | Lines 40 | Strimma | Per pak<\/a><\/td><td>3,60<\/td><\/tr><tr><td><a href=\"https:\/\/www.stevenshout.be\/product\/thermo-radiata-pine-19-x-129-quatro-strimma-per-stuk-2\/\">Thermo Radiata Pine | 19 x 129 | Quatro | Strimma | Per stuk<\/a><\/td><td>5,40<\/td><\/tr><tr><td><a href=\"https:\/\/www.stevenshout.be\/fr\/produit\/thermo-sapin-20-x-134-z-profiel-geborsteld-zwart-per-pak\/\">Thermo Sapin | 20 x 134 | Z-profiel | Geborsteld Zwart | Per pak<\/a><\/td><td><\/td><\/tr><tr><td><a href=\"https:\/\/www.stevenshout.be\/fr\/produit\/thermo-radiata-pine-vulcan-15x125-nero-noir-par-paquet\/\">Thermo Radiata Pine | Vulcan | 15&#215;125 | Nero Noir | Par paquet<\/a><\/td><td>3,00 | 4,20 | 4,80<\/td><\/tr><tr><td><a href=\"https:\/\/www.stevenshout.be\/fr\/produit\/thermo-sapin-19-x-129-triple-strimma-par-piece\/\">Thermo Sapin | 19 x 129 | Triple | Strimma | Par pi\u00e8ce<\/a><\/td><td>5,40<\/td><\/tr><tr><td><a href=\"https:\/\/www.stevenshout.be\/fr\/produit\/thermo-sapin-32-x-132-triple-brosse-noir-par-piece-2\/\">Thermo Sapin | 32 x 132 | Triple | Bross\u00e9 Noir | Par pi\u00e8ce<\/a><\/td><td><\/td><\/tr><tr><td><a href=\"https:\/\/www.stevenshout.be\/fr\/produit\/thermo-sapin-20-x-140-s4s-ignite-par-piece\/\">Thermo Sapin | 20 x 140 | S4S | Ignite | Par pi\u00e8ce<\/a><\/td><td>4,50<\/td><\/tr><tr><td><a href=\"https:\/\/www.stevenshout.be\/fr\/produit\/thermo-sapin-20-x-60-z-profiel-brosse-noir-par-paquet\/\">Thermo Sapin | 20 x 60 | Z-profiel | Bross\u00e9 noir | Par paquet<\/a><\/td><td>3,00 | 4,20<\/td><\/tr><tr><td><a href=\"https:\/\/www.stevenshout.be\/fr\/produit\/thermo-sapin-19-x-129-triple-strimma-par-paquet\/\">Thermo Sapin | 19 x 129 | Triple | Strimma | Par paquet<\/a><\/td><td><\/td><\/tr><tr><td><a href=\"https:\/\/www.stevenshout.be\/fr\/produit\/thermo-sapin-profil-z-noir-20-x-118-par-piece\/\">Thermo sapin | Profil-Z | Bross\u00e9 Noir | 20 x 118 | Par pi\u00e8ce<\/a><\/td><td><\/td><\/tr><tr><td><a href=\"https:\/\/www.stevenshout.be\/fr\/produit\/thermo-sapin-20-x-131-planchette-ignite-par-piece\/\">Thermo Sapin | 20 x 131 | Planchette | Ignite | Par pi\u00e8ce<\/a><\/td><td>5,40<\/td><\/tr><tr><td><a href=\"https:\/\/www.stevenshout.be\/fr\/produit\/thermo-sapin-32-x-60-z-profiel-brosse-noir-par-piece\/\">Thermo Sapin | 32 x 60 | profil-Z | Bross\u00e9 noir | Par pi\u00e8ce<\/a><\/td><td>4,20<\/td><\/tr><tr><td><a href=\"https:\/\/www.stevenshout.be\/fr\/produit\/thermo-sapin-20-x-132-triple-brosse-blanc-par-piece-2\/\">Thermo Sapin | 20 x 132 | Triple | Bross\u00e9 Blanc | Par pi\u00e8ce<\/a><\/td><td>3,00<\/td><\/tr><tr><td><a href=\"https:\/\/www.stevenshout.be\/fr\/produit\/thermo-radiata-pine-20-x-131-lines-127-strimma-par-piece\/\">Thermo Radiata Pine | 20 x 131 | Lines 127 | Strimma | Par pi\u00e8ce<\/a><\/td><td><\/td><\/tr><tr><td><a href=\"https:\/\/www.stevenshout.be\/fr\/produit\/thermo-sapin-20-x-131-planchette-ignite-par-paquet\/\">Thermo Sapin | 20 x 131 | Planchette | Ignite | Par Paquet<\/a><\/td><td>3,60 | 4,20 | 5,10 | 5,40<\/td><\/tr><\/tbody><\/table><div class=\"et_pb_button_module_wrapper et_pb_button_0_wrapper et_pb_button_alignment_center et_pb_module\"><a rel=\"nofollow\" class=\"et_pb_button et_pb_button_1 et_pb_bg_layout_light center\" href=\"https:\/\/www.stevenshout.be\/fr\/product-categorie\/bardage-avec-finition\/\">Tous les Bardage avec finition<\/a><\/div>[\/et_pb_code][\/et_pb_column][\/et_pb_row][\/et_pb_section][et_pb_section fb_built=\u00a0\u00bb1&Prime; _builder_version=\u00a0\u00bb4.27.2&Prime; _module_preset=\u00a0\u00bbdefault\u00a0\u00bb global_colors_info=\u00a0\u00bb{}\u00a0\u00bb][et_pb_row _builder_version=\u00a0\u00bb4.27.2&Prime; _module_preset=\u00a0\u00bbdefault\u00a0\u00bb global_colors_info=\u00a0\u00bb{}\u00a0\u00bb][et_pb_column type=\u00a0\u00bb4_4&Prime; _builder_version=\u00a0\u00bb4.27.2&Prime; _module_preset=\u00a0\u00bbdefault\u00a0\u00bb global_colors_info=\u00a0\u00bb{}\u00a0\u00bb][et_pb_text _builder_version=\u00a0\u00bb4.27.4&Prime; _module_preset=\u00a0\u00bbdefault\u00a0\u00bb hover_enabled=\u00a0\u00bb0&Prime; global_colors_info=\u00a0\u00bb{}\u00a0\u00bb ul_item_indent=\u00a0\u00bb33px\u00a0\u00bb sticky_enabled=\u00a0\u00bb0&Prime;]<\/p>\n<h2>Large gamme de panneaux de bardage finis chez Stevens Timber<\/h2>\n<p>Chez Stevens Hout, vous trouverez \u00e9galement un large choix de bardages profil\u00e9s avec finition. Notre gamme comprend des produits pr\u00e9trait\u00e9s \u00e0 l&rsquo;huile, au vernis ou \u00e0 la peinture. Vous obtenez ainsi un r\u00e9sultat pr\u00eat \u00e0 l&#8217;emploi, avec un minimum de traitement ult\u00e9rieur sur le chantier.  <\/p>\n<ul>\n<li><a href=\"https:\/\/www.stevenshout.be\/fr\/profile-avec-finition\/revetement-de-facade-avec-finition\/triple\/\">triple bardage avec finition<\/a><\/li>\n<li><a href=\"https:\/\/www.stevenshout.be\/fr\/profile-avec-finition\/revetement-de-facade-avec-finition\/etageres\/\">planches de fa\u00e7ade avec finition<\/a><\/li>\n<li><a href=\"https:\/\/www.stevenshout.be\/fr\/profile-avec-finition\/revetement-de-facade-avec-finition\/puro\/\">Bardage Puro avec finition<\/a><\/li>\n<li><a href=\"https:\/\/www.stevenshout.be\/fr\/profile-avec-finition\/revetement-de-facade-avec-finition\/commandement\/\">panneaux de fa\u00e7ade finis en commande<\/a><\/li>\n<li><a href=\"https:\/\/www.stevenshout.be\/fr\/profile-avec-finition\/revetement-de-facade-avec-finition\/3d-lignes-et-profil-z\/\">Panneaux de fa\u00e7ade finis en 3D<\/a><\/li>\n<li><a href=\"https:\/\/www.stevenshout.be\/fr\/profile-avec-finition\/revetement-de-facade-avec-finition\/joint-ouvert\/\">bardage \u00e0 joints ouverts avec finition<\/a><\/li>\n<\/ul>\n<h2>Quelques-uns de nos panneaux de fa\u00e7ade finis<\/h2>\n<p>Notre gamme comprend des versions noires ou noires bross\u00e9es en pin thermo et <a href=\"https:\/\/www.stevenshout.be\/fr\/thermowood\/pin-radiata\/\">pin thermo radiata<\/a>. Pensez aux profils tels que les bardages, les profils en Z, les planchers ou les populaires profils triples. Des options visuellement attrayantes telles que les finitions Nero Black ou Ignite ajoutent un caract\u00e8re distinct et de la profondeur \u00e0 n&rsquo;importe quelle fa\u00e7ade. Pour un look contemporain, nous proposons des lignes \u00e9pur\u00e9es, telles que les Lines 40 ou Quatro Strimma, finies et emball\u00e9es par pi\u00e8ce ou par paquet.   <\/p>\n<p>Ces produits sont disponibles dans une vari\u00e9t\u00e9 de longueurs, de 3,00 \u00e0 5,40 m\u00e8tres. Certains profils ont une finition noire bross\u00e9e, tandis que d&rsquo;autres sont laqu\u00e9s ou pr\u00e9sentent une finition \u00ab\u00a0br\u00fbl\u00e9e\u00a0\u00bb, comme la gamme Ignite. Les <a href=\"https:\/\/www.stevenshout.be\/fr\/thermowood\/\">bois ThermoWood<\/a> sont soigneusement s\u00e9lectionn\u00e9s et trait\u00e9s thermiquement pour \u00eatre durables, stables et r\u00e9sistants aux intemp\u00e9ries.  <\/p>\n<h2>Commande de bardages profil\u00e9s avec finition chez Stevens Hout<\/h2>\n<p>Le choix du bois de bardage avec finition ne vous permet pas seulement de gagner du temps. Vous \u00eates \u00e9galement assur\u00e9 d&rsquo;une couleur et d&rsquo;une protection constantes. Avec cette gamme, vous combinez qualit\u00e9 sup\u00e9rieure et facilit\u00e9 d&rsquo;utilisation. De plus, ces planches sont g\u00e9n\u00e9ralement disponibles directement en stock chez Stevens Hout.   <\/p>\n<p>Stevens &amp; C\u00b0 a plus de 85 ans d&rsquo;exp\u00e9rience en tant qu&rsquo;importateur de bois. Nous sommes donc votre partenaire fiable pour l&rsquo;achat de bardages finis et d&rsquo;autres <a href=\"https:\/\/www.stevenshout.be\/fr\/profile-avec-finition\/\">bois profil\u00e9s avec finition.<\/a> Dans notre aper\u00e7u ci-dessus, cliquez sur le produit de votre choix pour plus d&rsquo;informations. Ou contactez-nous pour un devis d\u00e9taill\u00e9 et personnalis\u00e9. Pour ce faire, nous tenons compte de la quantit\u00e9, de la taille et du niveau de qualit\u00e9 des planches de bardage profil\u00e9es que vous souhaitez obtenir.<\/p>\n<p>[\/et_pb_text][et_pb_button button_url=\u00a0\u00bb@ET-DC@eyJkeW5hbWljIjp0cnVlLCJjb250ZW50IjoicG9zdF9saW5rX3VybF9wYWdlIiwic2V0dGluZ3MiOnsicG9zdF9pZCI6IjMyNCJ9fQ==@\u00a0\u00bb button_text=\u00a0\u00bbObtenir un devis\u00a0\u00bb button_alignment=\u00a0\u00bbleft\u00a0\u00bb _builder_version=\u00a0\u00bb4.27.2&Prime; _dynamic_attributes=\u00a0\u00bbbutton_url\u00a0\u00bb _module_preset=\u00a0\u00bbdefault\u00a0\u00bb custom_button=\u00a0\u00bbon\u00a0\u00bb button_text_size=\u00a0\u00bb18px\u00a0\u00bb button_text_color=\u00a0\u00bb#443630&Prime; button_bg_color=\u00a0\u00bb#76dd84&Prime; button_border_color=\u00a0\u00bb#76dd84&Prime; button_border_radius=\u00a0\u00bb40px\u00a0\u00bb button_font=\u00a0\u00bb|||on|||||\u00a0\u00bb button_icon=\u00a0\u00bb&#x24;||divi||400&Prime; button_on_hover=\u00a0\u00bboff\u00a0\u00bb custom_margin=\u00a0\u00bb||||false|false\u00a0\u00bb custom_padding=\u00a0\u00bb10px|45px|10px|30px|true|false\u00a0\u00bb locked=\u00a0\u00bboff\u00a0\u00bb global_colors_info=\u00a0\u00bb{}\u00a0\u00bb][\/et_pb_button][\/et_pb_column][\/et_pb_row][\/et_pb_section]<\/p>\n","protected":false},"excerpt":{"rendered":"<p>[et_pb_section fb_built=\u00a0\u00bb1&Prime; _builder_version=\u00a0\u00bb4.27.2&Prime; _module_preset=\u00a0\u00bbdefault\u00a0\u00bb background_color=\u00a0\u00bb#F7F7F5&Prime; locked=\u00a0\u00bboff\u00a0\u00bb global_colors_info=\u00a0\u00bb{}\u00a0\u00bb][et_pb_row column_structure=\u00a0\u00bb1_2,1_2&Prime; _builder_version=\u00a0\u00bb4.25.2&Prime; _module_preset=\u00a0\u00bbdefault\u00a0\u00bb global_colors_info=\u00a0\u00bb{}\u00a0\u00bb][et_pb_column type=\u00a0\u00bb1_2&Prime; _builder_version=\u00a0\u00bb4.25.2&Prime; _module_preset=\u00a0\u00bbdefault\u00a0\u00bb global_colors_info=\u00a0\u00bb{}\u00a0\u00bb][et_pb_text _builder_version=\u00a0\u00bb4.27.2&Prime; _module_preset=\u00a0\u00bbdefault\u00a0\u00bb text_font=\u00a0\u00bb|||on|||||\u00a0\u00bb text_text_color=\u00a0\u00bb#76dd84&Prime; header_text_color=\u00a0\u00bb#76de84&Prime; header_font_size=\u00a0\u00bb14px\u00a0\u00bb custom_margin=\u00a0\u00bb||10px||false|false\u00a0\u00bb custom_padding=\u00a0\u00bb||0px||false|false\u00a0\u00bb global_colors_info=\u00a0\u00bb{}\u00a0\u00bb] Profil\u00e9 avec finition [\/et_pb_text][et_pb_text _builder_version=\u00a0\u00bb4.27.2&Prime; _module_preset=\u00a0\u00bbdefault\u00a0\u00bb text_font=\u00a0\u00bb||||||||\u00a0\u00bb text_text_color=\u00a0\u00bb#76dd84&Prime; header_font_size=\u00a0\u00bb60px\u00a0\u00bb header_line_height=\u00a0\u00bb65px\u00a0\u00bb header_2_font_size=\u00a0\u00bb64px\u00a0\u00bb header_2_line_height=\u00a0\u00bb64.6px\u00a0\u00bb header_font_size_tablet=\u00a0\u00bb60px\u00a0\u00bb header_font_size_phone=\u00a0\u00bb49px\u00a0\u00bb header_font_size_last_edited=\u00a0\u00bbon|phone\u00a0\u00bb header_2_font_size_tablet=\u00a0\u00bb46px\u00a0\u00bb header_2_font_size_phone=\u00a0\u00bb28px\u00a0\u00bb header_2_font_size_last_edited=\u00a0\u00bbon|desktop\u00a0\u00bb header_2_line_height_tablet=\u00a0\u00bb64.6px\u00a0\u00bb header_2_line_height_phone=\u00a0\u00bb40px\u00a0\u00bb header_2_line_height_last_edited=\u00a0\u00bbon|phone\u00a0\u00bb global_colors_info=\u00a0\u00bb{}\u00a0\u00bb] Rev\u00eatement [\/et_pb_text][\/et_pb_column][et_pb_column type=\u00a0\u00bb1_2&Prime; _builder_version=\u00a0\u00bb4.25.2&Prime; _module_preset=\u00a0\u00bbdefault\u00a0\u00bb global_colors_info=\u00a0\u00bb{}\u00a0\u00bb][et_pb_text _builder_version=\u00a0\u00bb4.27.2&Prime; _module_preset=\u00a0\u00bbdefault\u00a0\u00bb text_font_size=\u00a0\u00bb16px\u00a0\u00bb [&hellip;]<\/p>\n","protected":false},"author":13,"featured_media":0,"parent":33252,"menu_order":0,"comment_status":"closed","ping_status":"closed","template":"","meta":{"_acf_changed":false,"_seopress_robots_primary_cat":"","_seopress_titles_title":"","_seopress_titles_desc":"","_seopress_robots_index":"","_et_pb_use_builder":"on","_et_pb_old_content":"","_et_gb_content_width":"","footnotes":""},"class_list":["post-33246","page","type-page","status-publish","hentry"],"acf":[],"_links":{"self":[{"href":"https:\/\/www.stevenshout.be\/fr\/wp-json\/wp\/v2\/pages\/33246","targetHints":{"allow":["GET"]}}],"collection":[{"href":"https:\/\/www.stevenshout.be\/fr\/wp-json\/wp\/v2\/pages"}],"about":[{"href":"https:\/\/www.stevenshout.be\/fr\/wp-json\/wp\/v2\/types\/page"}],"author":[{"embeddable":true,"href":"https:\/\/www.stevenshout.be\/fr\/wp-json\/wp\/v2\/users\/13"}],"replies":[{"embeddable":true,"href":"https:\/\/www.stevenshout.be\/fr\/wp-json\/wp\/v2\/comments?post=33246"}],"version-history":[{"count":4,"href":"https:\/\/www.stevenshout.be\/fr\/wp-json\/wp\/v2\/pages\/33246\/revisions"}],"predecessor-version":[{"id":33814,"href":"https:\/\/www.stevenshout.be\/fr\/wp-json\/wp\/v2\/pages\/33246\/revisions\/33814"}],"up":[{"embeddable":true,"href":"https:\/\/www.stevenshout.be\/fr\/wp-json\/wp\/v2\/pages\/33252"}],"wp:attachment":[{"href":"https:\/\/www.stevenshout.be\/fr\/wp-json\/wp\/v2\/media?parent=33246"}],"curies":[{"name":"wp","href":"https:\/\/api.w.org\/{rel}","templated":true}]}}