{"id":33249,"date":"2024-12-06T12:20:52","date_gmt":"2024-12-06T11:20:52","guid":{"rendered":"https:\/\/www.stevenshout.be\/revetement-de-facade-avec-finition\/etageres\/"},"modified":"2025-09-17T16:06:33","modified_gmt":"2025-09-17T14:06:33","slug":"etageres","status":"publish","type":"page","link":"https:\/\/www.stevenshout.be\/fr\/profile-avec-finition\/revetement-de-facade-avec-finition\/etageres\/","title":{"rendered":"\u00c9tag\u00e8res"},"content":{"rendered":"<p>[et_pb_section fb_built=\u00a0\u00bb1&Prime; _builder_version=\u00a0\u00bb4.27.2&Prime; _module_preset=\u00a0\u00bbdefault\u00a0\u00bb background_color=\u00a0\u00bb#F7F7F5&Prime; locked=\u00a0\u00bboff\u00a0\u00bb global_colors_info=\u00a0\u00bb{}\u00a0\u00bb][et_pb_row column_structure=\u00a0\u00bb1_2,1_2&Prime; _builder_version=\u00a0\u00bb4.25.2&Prime; _module_preset=\u00a0\u00bbdefault\u00a0\u00bb global_colors_info=\u00a0\u00bb{}\u00a0\u00bb][et_pb_column type=\u00a0\u00bb1_2&Prime; _builder_version=\u00a0\u00bb4.25.2&Prime; _module_preset=\u00a0\u00bbdefault\u00a0\u00bb global_colors_info=\u00a0\u00bb{}\u00a0\u00bb][et_pb_text _builder_version=\u00a0\u00bb4.27.2&Prime; _module_preset=\u00a0\u00bbdefault\u00a0\u00bb text_font=\u00a0\u00bb|||on|||||\u00a0\u00bb text_text_color=\u00a0\u00bb#76dd84&Prime; header_text_color=\u00a0\u00bb#76de84&Prime; header_font_size=\u00a0\u00bb14px\u00a0\u00bb custom_margin=\u00a0\u00bb||10px||false|false\u00a0\u00bb custom_padding=\u00a0\u00bb||0px||false|false\u00a0\u00bb global_colors_info=\u00a0\u00bb{}\u00a0\u00bb]<\/p>\n<h1>Bardage profil\u00e9 avec finition<\/h1>\n<p>[\/et_pb_text][et_pb_text _builder_version=\u00a0\u00bb4.27.2&Prime; _module_preset=\u00a0\u00bbdefault\u00a0\u00bb text_font=\u00a0\u00bb||||||||\u00a0\u00bb text_text_color=\u00a0\u00bb#76dd84&Prime; header_font_size=\u00a0\u00bb60px\u00a0\u00bb header_line_height=\u00a0\u00bb65px\u00a0\u00bb header_2_font_size=\u00a0\u00bb64px\u00a0\u00bb header_2_line_height=\u00a0\u00bb64.6px\u00a0\u00bb header_font_size_tablet=\u00a0\u00bb60px\u00a0\u00bb header_font_size_phone=\u00a0\u00bb49px\u00a0\u00bb header_font_size_last_edited=\u00a0\u00bbon|phone\u00a0\u00bb header_2_font_size_tablet=\u00a0\u00bb46px\u00a0\u00bb header_2_font_size_phone=\u00a0\u00bb28px\u00a0\u00bb header_2_font_size_last_edited=\u00a0\u00bbon|desktop\u00a0\u00bb header_2_line_height_tablet=\u00a0\u00bb64.6px\u00a0\u00bb header_2_line_height_phone=\u00a0\u00bb40px\u00a0\u00bb header_2_line_height_last_edited=\u00a0\u00bbon|phone\u00a0\u00bb global_colors_info=\u00a0\u00bb{}\u00a0\u00bb]<\/p>\n<h2>\u00c9tag\u00e8res<\/h2>\n<p>[\/et_pb_text][\/et_pb_column][et_pb_column type=\u00a0\u00bb1_2&Prime; _builder_version=\u00a0\u00bb4.25.2&Prime; _module_preset=\u00a0\u00bbdefault\u00a0\u00bb global_colors_info=\u00a0\u00bb{}\u00a0\u00bb][et_pb_text _builder_version=\u00a0\u00bb4.27.2&Prime; _module_preset=\u00a0\u00bbdefault\u00a0\u00bb text_font_size=\u00a0\u00bb16px\u00a0\u00bb text_line_height=\u00a0\u00bb2em\u00a0\u00bb global_colors_info=\u00a0\u00bb{}\u00a0\u00bb]<\/p>\n<p>Notre bardage planchet avec syst\u00e8me de rainure et languette est id\u00e9al pour ceux qui recherchent une finition \u00e9l\u00e9gante et intemporelle. Gr\u00e2ce \u00e0 une couche de peinture ou d&rsquo;huile, votre client b\u00e9n\u00e9ficiera d&rsquo;une fa\u00e7ade qui ne n\u00e9cessite que peu d&rsquo;entretien et conserve sa couleur pendant des ann\u00e9es. Ces planchettes sont disponibles dans les profils Classic V et New V pour des designs modernes et classiques.  <\/p>\n<p>[\/et_pb_text][et_pb_button button_url=\u00a0\u00bb@ET-DC@eyJkeW5hbWljIjp0cnVlLCJjb250ZW50IjoicG9zdF9saW5rX3VybF9wYWdlIiwic2V0dGluZ3MiOnsicG9zdF9pZCI6IjMyNCIsImVuYWJsZV9odG1sIjoib2ZmIn19@\u00a0\u00bb button_text=\u00a0\u00bbObtenir un devis\u00a0\u00bb button_alignment=\u00a0\u00bbcenter\u00a0\u00bb _builder_version=\u00a0\u00bb4.27.2&Prime; _dynamic_attributes=\u00a0\u00bbbutton_url\u00a0\u00bb _module_preset=\u00a0\u00bbdefault\u00a0\u00bb custom_button=\u00a0\u00bbon\u00a0\u00bb button_text_size=\u00a0\u00bb18px\u00a0\u00bb button_text_color=\u00a0\u00bb#443630&Prime; button_bg_color=\u00a0\u00bb#76dd84&Prime; button_border_color=\u00a0\u00bb#76dd84&Prime; button_border_radius=\u00a0\u00bb40px\u00a0\u00bb button_font=\u00a0\u00bb|||on|||||\u00a0\u00bb button_icon=\u00a0\u00bb&#x24;||divi||400&Prime; button_on_hover=\u00a0\u00bboff\u00a0\u00bb custom_margin=\u00a0\u00bb||||false|false\u00a0\u00bb custom_padding=\u00a0\u00bb10px|45px|10px|30px|true|false\u00a0\u00bb locked=\u00a0\u00bboff\u00a0\u00bb global_colors_info=\u00a0\u00bb{}\u00a0\u00bb][\/et_pb_button][\/et_pb_column][\/et_pb_row][\/et_pb_section][et_pb_section fb_built=\u00a0\u00bb1&Prime; _builder_version=\u00a0\u00bb4.27.2&Prime; _module_preset=\u00a0\u00bbdefault\u00a0\u00bb global_colors_info=\u00a0\u00bb{}\u00a0\u00bb][et_pb_row _builder_version=\u00a0\u00bb4.23.1&Prime; _module_preset=\u00a0\u00bbdefault\u00a0\u00bb global_colors_info=\u00a0\u00bb{}\u00a0\u00bb][et_pb_column type=\u00a0\u00bb4_4&Prime; _builder_version=\u00a0\u00bb4.23.1&Prime; _module_preset=\u00a0\u00bbdefault\u00a0\u00bb global_colors_info=\u00a0\u00bb{}\u00a0\u00bb][et_pb_text _builder_version=\u00a0\u00bb4.27.2&Prime; _module_preset=\u00a0\u00bbdefault\u00a0\u00bb global_colors_info=\u00a0\u00bb{}\u00a0\u00bb]<\/p>\n<h2>Notre gamme de tablettes profil\u00e9es avec finition<\/h2>\n<p>[\/et_pb_text][et_pb_code _builder_version=\u00a0\u00bb4.27.2&Prime; _module_preset=\u00a0\u00bbdefault\u00a0\u00bb global_colors_info=\u00a0\u00bb{}\u00a0\u00bb]<table class=\"ncss-products\"><thead><tr><th>Tous nos geprofileerd afwerking geprofileerd afwerking gevelbekleding planchet produits<\/th><th>Longueurs disponibles<\/th><\/tr><\/thead><tbody><tr><td><a href=\"https:\/\/www.stevenshout.be\/fr\/produit\/thermo-radiata-pine-vulcan-15x125-nero-noir-par-paquet\/\">Thermo Radiata Pine | Vulcan | 15&#215;125 | Nero Noir | Par paquet<\/a><\/td><td>3,00 | 4,20 | 4,80<\/td><\/tr><tr><td><a href=\"https:\/\/www.stevenshout.be\/fr\/produit\/thermo-sapin-20-x-131-planchette-ignite-par-piece\/\">Thermo Sapin | 20 x 131 | Planchette | Ignite | Par pi\u00e8ce<\/a><\/td><td>5,40<\/td><\/tr><tr><td><a href=\"https:\/\/www.stevenshout.be\/fr\/produit\/thermo-sapin-20-x-131-planchette-ignite-par-paquet\/\">Thermo Sapin | 20 x 131 | Planchette | Ignite | Par Paquet<\/a><\/td><td>3,60 | 4,20 | 5,10 | 5,40<\/td><\/tr><tr><td><a href=\"https:\/\/www.stevenshout.be\/fr\/produit\/thermo-sapin-18-x-131-planchette-r-l-4-brosse-noir-par-paquet\/\">Thermo Sapin | 18 x 131 | Planchette R\/L 4 | Bross\u00e9 Noir | Par paquet<\/a><\/td><td>2,40<\/td><\/tr><tr><td><a href=\"https:\/\/www.stevenshout.be\/fr\/produit\/thermo-sapin-17-x-131-planchette-brosse-pre-grise-par-piece\/\">Thermo Sapin | 17 x 131 | Planchette | Bross\u00e9 Pr\u00e9-gris\u00e9 | Par pi\u00e8ce<\/a><\/td><td><\/td><\/tr><tr><td><a href=\"https:\/\/www.stevenshout.be\/fr\/produit\/thermo-sapin-18-x-131-planchette-brosse-noir-par-piece\/\">Thermo Sapin | 18 x 131 | Planchette | Bross\u00e9 noir | Par pi\u00e8ce<\/a><\/td><td>1,80-2,40 | 2,70<\/td><\/tr><tr><td><a href=\"https:\/\/www.stevenshout.be\/fr\/produit\/thermo-sapin-18-x-131-planchette-brosse-noir-par-paquet\/\">Thermo Sapin | 18 x 131 | Planchette | Bross\u00e9 noir | Par paquet<\/a><\/td><td>2,70 | 3,00 | 5,10<\/td><\/tr><tr><td><a href=\"https:\/\/www.stevenshout.be\/fr\/produit\/thermo-sapin-18-x-131-finno-brosse-noir-par-piece\/\">Thermo Sapin | 18 x 131 | Finno | Bross\u00e9 noir | Par pi\u00e8ce<\/a><\/td><td>4,20<\/td><\/tr><tr><td><a href=\"https:\/\/www.stevenshout.be\/fr\/produit\/thermo-sapin-17-x-129-planchette-brosse-blanc-par-piece\/\">Thermo Sapin | 17 x  129 | Planchette | Bross\u00e9 blanc | Par pi\u00e8ce<\/a><\/td><td>3,00<\/td><\/tr><tr><td><a href=\"https:\/\/www.stevenshout.be\/fr\/produit\/thermo-pin-18-x-131-finno-brosse-noir-par-paquet\/\">Thermo Sapin | 18 x 131 | Finno | Bross\u00e9 Noir | Par paquet<\/a><\/td><td>3,30 | 4,80 | 5,10<\/td><\/tr><tr><td><a href=\"https:\/\/www.stevenshout.be\/fr\/produit\/thermo-pin-17-x-131-planchette-pre-grise-par-paquet\/\">Thermo Sapin | 17 x  131 | Planchette | Pr\u00e9-gris\u00e9 | Par paquet<\/a><\/td><td>4,20<\/td><\/tr><tr><td><a href=\"https:\/\/www.stevenshout.be\/fr\/produit\/thermo-sapin-17-x-129-planchette-brosse-blanc-par-paquet\/\">Thermo Sapin | 17 x  129 | Planchette | Bross\u00e9 Blanc | Par paquet<\/a><\/td><td>2,70 | 3,00<\/td><\/tr><\/tbody><\/table><div class=\"et_pb_button_module_wrapper et_pb_button_0_wrapper et_pb_button_alignment_center et_pb_module\"><a rel=\"nofollow\" class=\"et_pb_button et_pb_button_1 et_pb_bg_layout_light center\" href=\"https:\/\/www.stevenshout.be\/fr\/product-categorie\/planchette-fr\/\">Tous les Planchette<\/a><\/div>[\/et_pb_code][\/et_pb_column][\/et_pb_row][\/et_pb_section][et_pb_section fb_built=\u00a0\u00bb1&Prime; _builder_version=\u00a0\u00bb4.27.2&Prime; _module_preset=\u00a0\u00bbdefault\u00a0\u00bb global_colors_info=\u00a0\u00bb{}\u00a0\u00bb][et_pb_row _builder_version=\u00a0\u00bb4.27.2&Prime; _module_preset=\u00a0\u00bbdefault\u00a0\u00bb global_colors_info=\u00a0\u00bb{}\u00a0\u00bb][et_pb_column type=\u00a0\u00bb4_4&Prime; _builder_version=\u00a0\u00bb4.27.2&Prime; _module_preset=\u00a0\u00bbdefault\u00a0\u00bb global_colors_info=\u00a0\u00bb{}\u00a0\u00bb][et_pb_text _builder_version=\u00a0\u00bb4.27.2&Prime; _module_preset=\u00a0\u00bbdefault\u00a0\u00bb global_colors_info=\u00a0\u00bb{}\u00a0\u00bb]<\/p>\n<h2>Commande de planchettes finies pour le rev\u00eatement de fa\u00e7ades chez Stevens Hout<\/h2>\n<p>Stevens &amp; C\u00b0 a plus de 85 ans d&rsquo;exp\u00e9rience en tant qu&rsquo;importateur de bois. Nous sommes donc votre partenaire fiable pour l&rsquo;achat de planchettes finies, d&rsquo;autres <a href=\"https:\/\/www.stevenshout.be\/fr\/profile-avec-finition\/revetement-de-facade-avec-finition\/\">rev\u00eatements avec finition<\/a> et d&rsquo;autres <a href=\"https:\/\/www.stevenshout.be\/fr\/profile-avec-finition\/\">bois finis profil\u00e9s<\/a>. Dans notre aper\u00e7u ci-dessus, cliquez sur le produit de votre choix pour plus d&rsquo;informations. Ou contactez-nous pour une offre d\u00e9taill\u00e9e sur mesure. Nous tiendrons compte de la quantit\u00e9, de la taille et du niveau de qualit\u00e9 des planchettes de bardage finies que vous souhaitez.    <\/p>\n<p>[\/et_pb_text][et_pb_button button_url=\u00a0\u00bb@ET-DC@eyJkeW5hbWljIjp0cnVlLCJjb250ZW50IjoicG9zdF9saW5rX3VybF9wYWdlIiwic2V0dGluZ3MiOnsicG9zdF9pZCI6IjMyNCIsImVuYWJsZV9odG1sIjoib2ZmIn19@\u00a0\u00bb button_text=\u00a0\u00bbObtenir un devis\u00a0\u00bb button_alignment=\u00a0\u00bbleft\u00a0\u00bb _builder_version=\u00a0\u00bb4.27.2&Prime; _dynamic_attributes=\u00a0\u00bbbutton_url\u00a0\u00bb _module_preset=\u00a0\u00bbdefault\u00a0\u00bb custom_button=\u00a0\u00bbon\u00a0\u00bb button_text_size=\u00a0\u00bb18px\u00a0\u00bb button_text_color=\u00a0\u00bb#443630&Prime; button_bg_color=\u00a0\u00bb#76dd84&Prime; button_border_color=\u00a0\u00bb#76dd84&Prime; button_border_radius=\u00a0\u00bb40px\u00a0\u00bb button_font=\u00a0\u00bb|||on|||||\u00a0\u00bb button_icon=\u00a0\u00bb&#x24;||divi||400&Prime; button_on_hover=\u00a0\u00bboff\u00a0\u00bb custom_margin=\u00a0\u00bb||||false|false\u00a0\u00bb custom_padding=\u00a0\u00bb10px|45px|10px|30px|true|false\u00a0\u00bb locked=\u00a0\u00bboff\u00a0\u00bb global_colors_info=\u00a0\u00bb{}\u00a0\u00bb][\/et_pb_button][\/et_pb_column][\/et_pb_row][\/et_pb_section]<\/p>\n","protected":false},"excerpt":{"rendered":"<p>[et_pb_section fb_built=\u00a0\u00bb1&Prime; _builder_version=\u00a0\u00bb4.27.2&Prime; _module_preset=\u00a0\u00bbdefault\u00a0\u00bb background_color=\u00a0\u00bb#F7F7F5&Prime; locked=\u00a0\u00bboff\u00a0\u00bb global_colors_info=\u00a0\u00bb{}\u00a0\u00bb][et_pb_row column_structure=\u00a0\u00bb1_2,1_2&Prime; _builder_version=\u00a0\u00bb4.25.2&Prime; _module_preset=\u00a0\u00bbdefault\u00a0\u00bb global_colors_info=\u00a0\u00bb{}\u00a0\u00bb][et_pb_column type=\u00a0\u00bb1_2&Prime; _builder_version=\u00a0\u00bb4.25.2&Prime; _module_preset=\u00a0\u00bbdefault\u00a0\u00bb global_colors_info=\u00a0\u00bb{}\u00a0\u00bb][et_pb_text _builder_version=\u00a0\u00bb4.27.2&Prime; _module_preset=\u00a0\u00bbdefault\u00a0\u00bb text_font=\u00a0\u00bb|||on|||||\u00a0\u00bb text_text_color=\u00a0\u00bb#76dd84&Prime; header_text_color=\u00a0\u00bb#76de84&Prime; header_font_size=\u00a0\u00bb14px\u00a0\u00bb custom_margin=\u00a0\u00bb||10px||false|false\u00a0\u00bb custom_padding=\u00a0\u00bb||0px||false|false\u00a0\u00bb global_colors_info=\u00a0\u00bb{}\u00a0\u00bb] Bardage profil\u00e9 avec finition [\/et_pb_text][et_pb_text _builder_version=\u00a0\u00bb4.27.2&Prime; _module_preset=\u00a0\u00bbdefault\u00a0\u00bb text_font=\u00a0\u00bb||||||||\u00a0\u00bb text_text_color=\u00a0\u00bb#76dd84&Prime; header_font_size=\u00a0\u00bb60px\u00a0\u00bb header_line_height=\u00a0\u00bb65px\u00a0\u00bb header_2_font_size=\u00a0\u00bb64px\u00a0\u00bb header_2_line_height=\u00a0\u00bb64.6px\u00a0\u00bb header_font_size_tablet=\u00a0\u00bb60px\u00a0\u00bb header_font_size_phone=\u00a0\u00bb49px\u00a0\u00bb header_font_size_last_edited=\u00a0\u00bbon|phone\u00a0\u00bb header_2_font_size_tablet=\u00a0\u00bb46px\u00a0\u00bb header_2_font_size_phone=\u00a0\u00bb28px\u00a0\u00bb header_2_font_size_last_edited=\u00a0\u00bbon|desktop\u00a0\u00bb header_2_line_height_tablet=\u00a0\u00bb64.6px\u00a0\u00bb header_2_line_height_phone=\u00a0\u00bb40px\u00a0\u00bb header_2_line_height_last_edited=\u00a0\u00bbon|phone\u00a0\u00bb global_colors_info=\u00a0\u00bb{}\u00a0\u00bb] \u00c9tag\u00e8res [\/et_pb_text][\/et_pb_column][et_pb_column type=\u00a0\u00bb1_2&Prime; _builder_version=\u00a0\u00bb4.25.2&Prime; _module_preset=\u00a0\u00bbdefault\u00a0\u00bb global_colors_info=\u00a0\u00bb{}\u00a0\u00bb][et_pb_text _builder_version=\u00a0\u00bb4.27.2&Prime; _module_preset=\u00a0\u00bbdefault\u00a0\u00bb [&hellip;]<\/p>\n","protected":false},"author":13,"featured_media":0,"parent":33246,"menu_order":0,"comment_status":"closed","ping_status":"closed","template":"","meta":{"_acf_changed":false,"_seopress_robots_primary_cat":"","_seopress_titles_title":"Tablettes profil\u00e9es finies | Large gamme","_seopress_titles_desc":"","_seopress_robots_index":"","_et_pb_use_builder":"on","_et_pb_old_content":"","_et_gb_content_width":"","footnotes":""},"class_list":["post-33249","page","type-page","status-publish","hentry"],"acf":[],"_links":{"self":[{"href":"https:\/\/www.stevenshout.be\/fr\/wp-json\/wp\/v2\/pages\/33249","targetHints":{"allow":["GET"]}}],"collection":[{"href":"https:\/\/www.stevenshout.be\/fr\/wp-json\/wp\/v2\/pages"}],"about":[{"href":"https:\/\/www.stevenshout.be\/fr\/wp-json\/wp\/v2\/types\/page"}],"author":[{"embeddable":true,"href":"https:\/\/www.stevenshout.be\/fr\/wp-json\/wp\/v2\/users\/13"}],"replies":[{"embeddable":true,"href":"https:\/\/www.stevenshout.be\/fr\/wp-json\/wp\/v2\/comments?post=33249"}],"version-history":[{"count":3,"href":"https:\/\/www.stevenshout.be\/fr\/wp-json\/wp\/v2\/pages\/33249\/revisions"}],"predecessor-version":[{"id":33258,"href":"https:\/\/www.stevenshout.be\/fr\/wp-json\/wp\/v2\/pages\/33249\/revisions\/33258"}],"up":[{"embeddable":true,"href":"https:\/\/www.stevenshout.be\/fr\/wp-json\/wp\/v2\/pages\/33246"}],"wp:attachment":[{"href":"https:\/\/www.stevenshout.be\/fr\/wp-json\/wp\/v2\/media?parent=33249"}],"curies":[{"name":"wp","href":"https:\/\/api.w.org\/{rel}","templated":true}]}}