{"id":33968,"date":"2024-12-06T09:12:30","date_gmt":"2024-12-06T08:12:30","guid":{"rendered":"https:\/\/www.stevenshout.be\/construction-en-bois\/bois-de-construction\/bois-de-douglas\/"},"modified":"2026-03-04T14:12:52","modified_gmt":"2026-03-04T13:12:52","slug":"bois-de-douglas","status":"publish","type":"page","link":"https:\/\/www.stevenshout.be\/fr\/construction-en-bois\/bois-de-construction\/bois-de-douglas\/","title":{"rendered":"Bois de Douglas"},"content":{"rendered":"<p>[et_pb_section fb_built=\u00a0\u00bb1&Prime; _builder_version=\u00a0\u00bb4.27.2&Prime; _module_preset=\u00a0\u00bbdefault\u00a0\u00bb background_color=\u00a0\u00bb#F7F7F5&Prime; locked=\u00a0\u00bboff\u00a0\u00bb global_colors_info=\u00a0\u00bb{}\u00a0\u00bb][et_pb_row column_structure=\u00a0\u00bb1_2,1_2&Prime; _builder_version=\u00a0\u00bb4.25.2&Prime; _module_preset=\u00a0\u00bbdefault\u00a0\u00bb global_colors_info=\u00a0\u00bb{}\u00a0\u00bb][et_pb_column type=\u00a0\u00bb1_2&Prime; _builder_version=\u00a0\u00bb4.25.2&Prime; _module_preset=\u00a0\u00bbdefault\u00a0\u00bb global_colors_info=\u00a0\u00bb{}\u00a0\u00bb][et_pb_text _builder_version=\u00a0\u00bb4.27.2&Prime; _module_preset=\u00a0\u00bbdefault\u00a0\u00bb text_font=\u00a0\u00bb|||on|||||\u00a0\u00bb text_text_color=\u00a0\u00bb#76dd84&Prime; header_text_color=\u00a0\u00bb#76de84&Prime; header_font_size=\u00a0\u00bb14px\u00a0\u00bb custom_margin=\u00a0\u00bb||10px||false|false\u00a0\u00bb custom_padding=\u00a0\u00bb||0px||false|false\u00a0\u00bb global_colors_info=\u00a0\u00bb{}\u00a0\u00bb]<\/p>\n<h1>Bois de construction<\/h1>\n<p>[\/et_pb_text][et_pb_text _builder_version=\u00a0\u00bb4.27.2&Prime; _module_preset=\u00a0\u00bbdefault\u00a0\u00bb text_font=\u00a0\u00bb||||||||\u00a0\u00bb text_text_color=\u00a0\u00bb#76dd84&Prime; header_font_size=\u00a0\u00bb60px\u00a0\u00bb header_line_height=\u00a0\u00bb65px\u00a0\u00bb header_2_font_size=\u00a0\u00bb64px\u00a0\u00bb header_2_line_height=\u00a0\u00bb64.6px\u00a0\u00bb header_font_size_tablet=\u00a0\u00bb60px\u00a0\u00bb header_font_size_phone=\u00a0\u00bb49px\u00a0\u00bb header_font_size_last_edited=\u00a0\u00bbon|phone\u00a0\u00bb header_2_font_size_tablet=\u00a0\u00bb46px\u00a0\u00bb header_2_font_size_phone=\u00a0\u00bb28px\u00a0\u00bb header_2_font_size_last_edited=\u00a0\u00bbon|desktop\u00a0\u00bb header_2_line_height_tablet=\u00a0\u00bb64.6px\u00a0\u00bb header_2_line_height_phone=\u00a0\u00bb40px\u00a0\u00bb header_2_line_height_last_edited=\u00a0\u00bbon|phone\u00a0\u00bb global_colors_info=\u00a0\u00bb{}\u00a0\u00bb]<\/p>\n<h2>Bois de Douglas<\/h2>\n<p>[\/et_pb_text][\/et_pb_column][et_pb_column type=\u00a0\u00bb1_2&Prime; _builder_version=\u00a0\u00bb4.25.2&Prime; _module_preset=\u00a0\u00bbdefault\u00a0\u00bb global_colors_info=\u00a0\u00bb{}\u00a0\u00bb][et_pb_text _builder_version=\u00a0\u00bb4.27.2&Prime; _module_preset=\u00a0\u00bbdefault\u00a0\u00bb text_font_size=\u00a0\u00bb16px\u00a0\u00bb text_line_height=\u00a0\u00bb2em\u00a0\u00bb global_colors_info=\u00a0\u00bb{}\u00a0\u00bb]<\/p>\n<p>Le bois Douglas est une essence de bois solide et durable qui convient parfaitement aux applications structurelles telles que les pannes et les fermes. En outre, le Douglas est \u00e9galement tr\u00e8s attrayant en termes d&rsquo;apparence. Le bois est connu pour sa haute densit\u00e9 et sa r\u00e9sistance naturelle \u00e0 l&rsquo;abrasion. Le bois Douglas est donc id\u00e9al pour une utilisation en ext\u00e9rieur.   <\/p>\n<p>[\/et_pb_text][et_pb_button button_url=\u00a0\u00bb@ET-DC@eyJkeW5hbWljIjp0cnVlLCJjb250ZW50IjoicG9zdF9saW5rX3VybF9wYWdlIiwic2V0dGluZ3MiOnsicG9zdF9pZCI6IjMyNCJ9fQ==@\u00a0\u00bb button_text=\u00a0\u00bbObtenir un devis\u00a0\u00bb button_alignment=\u00a0\u00bbcenter\u00a0\u00bb _builder_version=\u00a0\u00bb4.27.2&Prime; _dynamic_attributes=\u00a0\u00bbbutton_url\u00a0\u00bb _module_preset=\u00a0\u00bbdefault\u00a0\u00bb custom_button=\u00a0\u00bbon\u00a0\u00bb button_text_size=\u00a0\u00bb18px\u00a0\u00bb button_text_color=\u00a0\u00bb#443630&Prime; button_bg_color=\u00a0\u00bb#76dd84&Prime; button_border_color=\u00a0\u00bb#76dd84&Prime; button_border_radius=\u00a0\u00bb40px\u00a0\u00bb button_font=\u00a0\u00bb|||on|||||\u00a0\u00bb button_icon=\u00a0\u00bb&#x24;||divi||400&Prime; button_on_hover=\u00a0\u00bboff\u00a0\u00bb custom_margin=\u00a0\u00bb||||false|false\u00a0\u00bb custom_padding=\u00a0\u00bb10px|45px|10px|30px|true|false\u00a0\u00bb locked=\u00a0\u00bboff\u00a0\u00bb global_colors_info=\u00a0\u00bb{}\u00a0\u00bb][\/et_pb_button][\/et_pb_column][\/et_pb_row][\/et_pb_section][et_pb_section fb_built=\u00a0\u00bb1&Prime; _builder_version=\u00a0\u00bb4.27.2&Prime; _module_preset=\u00a0\u00bbdefault\u00a0\u00bb global_colors_info=\u00a0\u00bb{}\u00a0\u00bb][et_pb_row _builder_version=\u00a0\u00bb4.23.1&Prime; _module_preset=\u00a0\u00bbdefault\u00a0\u00bb global_colors_info=\u00a0\u00bb{}\u00a0\u00bb][et_pb_column type=\u00a0\u00bb4_4&Prime; _builder_version=\u00a0\u00bb4.23.1&Prime; _module_preset=\u00a0\u00bbdefault\u00a0\u00bb global_colors_info=\u00a0\u00bb{}\u00a0\u00bb][et_pb_text _builder_version=\u00a0\u00bb4.27.2&Prime; _module_preset=\u00a0\u00bbdefault\u00a0\u00bb global_colors_info=\u00a0\u00bb{}\u00a0\u00bb]<\/p>\n<h2>Notre gamme de bois Douglas<\/h2>\n<p>[\/et_pb_text][et_pb_code _builder_version=\u00a0\u00bb4.27.2&Prime; _module_preset=\u00a0\u00bbdefault\u00a0\u00bb hover_enabled=\u00a0\u00bb0&Prime; global_colors_info=\u00a0\u00bb{}\u00a0\u00bb sticky_enabled=\u00a0\u00bb0&Prime;]<table class=\"ncss-products\"><thead><tr><th>Tous nos timmerhout timmerhout douglas produits<\/th><th>Longueurs disponibles<\/th><\/tr><\/thead><tbody><tr><td><a href=\"https:\/\/www.stevenshout.be\/fr\/produit\/douglas-c24-200-x-200\/\">Douglas | C24 | 200 x 200<\/a><\/td><td><\/td><\/tr><tr><td><a href=\"https:\/\/www.stevenshout.be\/fr\/produit\/thermo-sapin-32-x-60-z-profiel-brosse-noir-par-piece-2\/\">Douglas | C24 | 150 x 150<\/a><\/td><td><\/td><\/tr><tr><td><a href=\"https:\/\/www.stevenshout.be\/fr\/produit\/thermo-sapin-32-x-60-z-profiel-brosse-noir-par-piece-3\/\">Douglas | C24 | 100 x 300<\/a><\/td><td><\/td><\/tr><tr><td><a href=\"https:\/\/www.stevenshout.be\/fr\/produit\/douglas-c24-75-x-225\/\">Douglas | C24 | 75 x 225<\/a><\/td><td><\/td><\/tr><tr><td><a href=\"https:\/\/www.stevenshout.be\/fr\/produit\/douglas-c24-63-x-175\/\">Douglas | C24 | 63 x 175<\/a><\/td><td>6,10 | 7,30<\/td><\/tr><tr><td><a href=\"https:\/\/www.stevenshout.be\/fr\/produit\/douglas-c24-63-x-150\/\">Douglas | C24 | 63 x 150<\/a><\/td><td>3,05 | 5,50 | 6,70 | 7,30<\/td><\/tr><\/tbody><\/table><div class=\"et_pb_button_module_wrapper et_pb_button_0_wrapper et_pb_button_alignment_center et_pb_module\"><a rel=\"nofollow\" class=\"et_pb_button et_pb_button_1 et_pb_bg_layout_light center\" href=\"https:\/\/www.stevenshout.be\/product-categorie\/houtbouw\/timmerhout\/timmerhout-douglas\/\">Tous les Timmerhout douglas<\/a><\/div>[\/et_pb_code][\/et_pb_column][\/et_pb_row][\/et_pb_section][et_pb_section fb_built=\u00a0\u00bb1&Prime; _builder_version=\u00a0\u00bb4.27.2&Prime; _module_preset=\u00a0\u00bbdefault\u00a0\u00bb global_colors_info=\u00a0\u00bb{}\u00a0\u00bb][et_pb_row _builder_version=\u00a0\u00bb4.27.2&Prime; _module_preset=\u00a0\u00bbdefault\u00a0\u00bb global_colors_info=\u00a0\u00bb{}\u00a0\u00bb][et_pb_column type=\u00a0\u00bb4_4&Prime; _builder_version=\u00a0\u00bb4.27.2&Prime; _module_preset=\u00a0\u00bbdefault\u00a0\u00bb global_colors_info=\u00a0\u00bb{}\u00a0\u00bb][et_pb_text _builder_version=\u00a0\u00bb4.27.2&Prime; _module_preset=\u00a0\u00bbdefault\u00a0\u00bb global_colors_info=\u00a0\u00bb{}\u00a0\u00bb]<\/p>\n<h2>Propri\u00e9t\u00e9s du bois de Douglas<\/h2>\n<p>Il a une couleur chaude, brun rouge\u00e2tre, qui vieillit magnifiquement, contribuant \u00e0 un aspect authentique dans les conceptions traditionnelles et modernes. En raison de sa r\u00e9sistance, il est souvent utilis\u00e9 dans les projets de construction o\u00f9 la charge et la durabilit\u00e9 sont une priorit\u00e9. <\/p>\n<p>Pour les pannes et les chevrons des structures de toit, le bois de Douglas offre une excellente capacit\u00e9 de charge et une grande stabilit\u00e9. Le bois conserve bien sa forme, m\u00eame en cas de grandes port\u00e9es. <\/p>\n<p>En outre, le douglas pr\u00e9sente une bonne usinabilit\u00e9, ce qui le rend adapt\u00e9 \u00e0 la fois \u00e0 la construction brute et aux d\u00e9tails apparents. Gr\u00e2ce \u00e0 sa durabilit\u00e9 naturelle et \u00e0 sa belle apparence, il est tr\u00e8s appr\u00e9ci\u00e9 des entrepreneurs et des architectes qui veulent allier qualit\u00e9 et esth\u00e9tique. <\/p>\n<p>&nbsp;<\/p>\n<h2>Commander du bois Douglas chez Stevens Wood<\/h2>\n<p>Stevens &amp; C\u00b0 a plus de 85 ans d&rsquo;exp\u00e9rience en tant qu&rsquo;importateur de bois. Nous sommes donc votre partenaire fiable pour l&rsquo;achat de bois de Douglas. Dans notre aper\u00e7u ci-dessus, cliquez sur le produit de votre choix pour plus d&rsquo;informations. Ou contactez-nous pour un devis d\u00e9taill\u00e9 et personnalis\u00e9. Pour ce faire, nous tenons compte de la quantit\u00e9, de la taille et du niveau de qualit\u00e9 du Douglas que vous souhaitez.<\/p>\n<p>[\/et_pb_text][et_pb_button button_url=\u00a0\u00bb@ET-DC@eyJkeW5hbWljIjp0cnVlLCJjb250ZW50IjoicG9zdF9saW5rX3VybF9wYWdlIiwic2V0dGluZ3MiOnsicG9zdF9pZCI6IjMyNCJ9fQ==@\u00a0\u00bb button_text=\u00a0\u00bbObtenir un devis\u00a0\u00bb button_alignment=\u00a0\u00bbleft\u00a0\u00bb _builder_version=\u00a0\u00bb4.27.2&Prime; _dynamic_attributes=\u00a0\u00bbbutton_url\u00a0\u00bb _module_preset=\u00a0\u00bbdefault\u00a0\u00bb custom_button=\u00a0\u00bbon\u00a0\u00bb button_text_size=\u00a0\u00bb18px\u00a0\u00bb button_text_color=\u00a0\u00bb#443630&Prime; button_bg_color=\u00a0\u00bb#76dd84&Prime; button_border_color=\u00a0\u00bb#76dd84&Prime; button_border_radius=\u00a0\u00bb40px\u00a0\u00bb button_font=\u00a0\u00bb|||on|||||\u00a0\u00bb button_icon=\u00a0\u00bb&#x24;||divi||400&Prime; button_on_hover=\u00a0\u00bboff\u00a0\u00bb custom_margin=\u00a0\u00bb||||false|false\u00a0\u00bb custom_padding=\u00a0\u00bb10px|45px|10px|30px|true|false\u00a0\u00bb locked=\u00a0\u00bboff\u00a0\u00bb global_colors_info=\u00a0\u00bb{}\u00a0\u00bb][\/et_pb_button][\/et_pb_column][\/et_pb_row][\/et_pb_section]<\/p>\n","protected":false},"excerpt":{"rendered":"<p>[et_pb_section fb_built=\u00a0\u00bb1&Prime; _builder_version=\u00a0\u00bb4.27.2&Prime; _module_preset=\u00a0\u00bbdefault\u00a0\u00bb background_color=\u00a0\u00bb#F7F7F5&Prime; locked=\u00a0\u00bboff\u00a0\u00bb global_colors_info=\u00a0\u00bb{}\u00a0\u00bb][et_pb_row column_structure=\u00a0\u00bb1_2,1_2&Prime; _builder_version=\u00a0\u00bb4.25.2&Prime; _module_preset=\u00a0\u00bbdefault\u00a0\u00bb global_colors_info=\u00a0\u00bb{}\u00a0\u00bb][et_pb_column type=\u00a0\u00bb1_2&Prime; _builder_version=\u00a0\u00bb4.25.2&Prime; _module_preset=\u00a0\u00bbdefault\u00a0\u00bb global_colors_info=\u00a0\u00bb{}\u00a0\u00bb][et_pb_text _builder_version=\u00a0\u00bb4.27.2&Prime; _module_preset=\u00a0\u00bbdefault\u00a0\u00bb text_font=\u00a0\u00bb|||on|||||\u00a0\u00bb text_text_color=\u00a0\u00bb#76dd84&Prime; header_text_color=\u00a0\u00bb#76de84&Prime; header_font_size=\u00a0\u00bb14px\u00a0\u00bb custom_margin=\u00a0\u00bb||10px||false|false\u00a0\u00bb custom_padding=\u00a0\u00bb||0px||false|false\u00a0\u00bb global_colors_info=\u00a0\u00bb{}\u00a0\u00bb] Bois de construction [\/et_pb_text][et_pb_text _builder_version=\u00a0\u00bb4.27.2&Prime; _module_preset=\u00a0\u00bbdefault\u00a0\u00bb text_font=\u00a0\u00bb||||||||\u00a0\u00bb text_text_color=\u00a0\u00bb#76dd84&Prime; header_font_size=\u00a0\u00bb60px\u00a0\u00bb header_line_height=\u00a0\u00bb65px\u00a0\u00bb header_2_font_size=\u00a0\u00bb64px\u00a0\u00bb header_2_line_height=\u00a0\u00bb64.6px\u00a0\u00bb header_font_size_tablet=\u00a0\u00bb60px\u00a0\u00bb header_font_size_phone=\u00a0\u00bb49px\u00a0\u00bb header_font_size_last_edited=\u00a0\u00bbon|phone\u00a0\u00bb header_2_font_size_tablet=\u00a0\u00bb46px\u00a0\u00bb header_2_font_size_phone=\u00a0\u00bb28px\u00a0\u00bb header_2_font_size_last_edited=\u00a0\u00bbon|desktop\u00a0\u00bb header_2_line_height_tablet=\u00a0\u00bb64.6px\u00a0\u00bb header_2_line_height_phone=\u00a0\u00bb40px\u00a0\u00bb header_2_line_height_last_edited=\u00a0\u00bbon|phone\u00a0\u00bb global_colors_info=\u00a0\u00bb{}\u00a0\u00bb] Bois de Douglas [\/et_pb_text][\/et_pb_column][et_pb_column type=\u00a0\u00bb1_2&Prime; _builder_version=\u00a0\u00bb4.25.2&Prime; _module_preset=\u00a0\u00bbdefault\u00a0\u00bb global_colors_info=\u00a0\u00bb{}\u00a0\u00bb][et_pb_text _builder_version=\u00a0\u00bb4.27.2&Prime; [&hellip;]<\/p>\n","protected":false},"author":13,"featured_media":0,"parent":29800,"menu_order":0,"comment_status":"closed","ping_status":"closed","template":"","meta":{"_acf_changed":false,"_seopress_robots_primary_cat":"","_seopress_titles_title":"","_seopress_titles_desc":"","_seopress_robots_index":"","_et_pb_use_builder":"on","_et_pb_old_content":"","_et_gb_content_width":"","footnotes":""},"class_list":["post-33968","page","type-page","status-publish","hentry"],"acf":[],"_links":{"self":[{"href":"https:\/\/www.stevenshout.be\/fr\/wp-json\/wp\/v2\/pages\/33968","targetHints":{"allow":["GET"]}}],"collection":[{"href":"https:\/\/www.stevenshout.be\/fr\/wp-json\/wp\/v2\/pages"}],"about":[{"href":"https:\/\/www.stevenshout.be\/fr\/wp-json\/wp\/v2\/types\/page"}],"author":[{"embeddable":true,"href":"https:\/\/www.stevenshout.be\/fr\/wp-json\/wp\/v2\/users\/13"}],"replies":[{"embeddable":true,"href":"https:\/\/www.stevenshout.be\/fr\/wp-json\/wp\/v2\/comments?post=33968"}],"version-history":[{"count":1,"href":"https:\/\/www.stevenshout.be\/fr\/wp-json\/wp\/v2\/pages\/33968\/revisions"}],"predecessor-version":[{"id":33971,"href":"https:\/\/www.stevenshout.be\/fr\/wp-json\/wp\/v2\/pages\/33968\/revisions\/33971"}],"up":[{"embeddable":true,"href":"https:\/\/www.stevenshout.be\/fr\/wp-json\/wp\/v2\/pages\/29800"}],"wp:attachment":[{"href":"https:\/\/www.stevenshout.be\/fr\/wp-json\/wp\/v2\/media?parent=33968"}],"curies":[{"name":"wp","href":"https:\/\/api.w.org\/{rel}","templated":true}]}}